{"id":483,"date":"2024-11-25T15:14:42","date_gmt":"2024-11-25T14:14:42","guid":{"rendered":"https:\/\/the-gate-of-dreams.com\/?page_id=483"},"modified":"2024-11-25T17:32:45","modified_gmt":"2024-11-25T16:32:45","slug":"testttt","status":"publish","type":"page","link":"https:\/\/the-gate-of-dreams.com\/?page_id=483","title":{"rendered":"Event"},"content":{"rendered":"\n<div class=\"wp-block-group is-layout-flow wp-block-group-is-layout-flow\">\n<div class=\"wp-block-columns is-layout-flex wp-container-core-columns-is-layout-e05d3243 wp-block-columns-is-layout-flex\" style=\"padding-top:0px;padding-right:0px;padding-bottom:0px;padding-left:0px\">\n<div class=\"wp-block-column is-style-no-spacing is-layout-flow wp-block-column-is-layout-flow\">\n<p class=\"has-text-align-center\">Avec notre r\u00e9seau de partenaire et professionnels qualifi\u00e9s vos \u00e9v\u00e9nements deviennent inoubliables !<\/p>\n\n\n\n<p class=\"has-text-align-center\">Pour une r\u00e9ponse adapt\u00e9e, pensez \u00e0 inclure ces informations cl\u00e9s dans votre demande<\/p>\n\n\n\n<h1 class=\"wp-block-heading has-text-align-center\">Quel type d\u2019\u00e9v\u00e9nement ?<\/h1>\n\n\n\n<div class=\"wp-block-columns is-layout-flex wp-container-core-columns-is-layout-28f84493 wp-block-columns-is-layout-flex\">\n<div class=\"wp-block-column is-layout-flow wp-block-column-is-layout-flow\" style=\"border-left-color:var(--wp--preset--color--background);border-left-width:20px\">\n<div class=\"wp-block-columns is-layout-flex wp-container-core-columns-is-layout-28f84493 wp-block-columns-is-layout-flex\">\n<div class=\"wp-block-column is-layout-flow wp-block-column-is-layout-flow\">\n<figure class=\"wp-block-image size-full\"><img loading=\"lazy\" decoding=\"async\" width=\"400\" height=\"400\" src=\"https:\/\/the-gate-of-dreams.com\/wp-content\/uploads\/2024\/11\/pexels-photo-269140-edited.jpg\" alt=\"\" class=\"wp-image-443\" srcset=\"https:\/\/the-gate-of-dreams.com\/wp-content\/uploads\/2024\/11\/pexels-photo-269140-edited.jpg 400w, https:\/\/the-gate-of-dreams.com\/wp-content\/uploads\/2024\/11\/pexels-photo-269140-edited-300x300.jpg 300w, https:\/\/the-gate-of-dreams.com\/wp-content\/uploads\/2024\/11\/pexels-photo-269140-edited-150x150.jpg 150w\" sizes=\"auto, (max-width: 400px) 100vw, 400px\" \/><\/figure>\n\n\n\n<h4 class=\"wp-block-heading has-text-align-center\">Conf\u00e9rence<\/h4>\n<\/div>\n\n\n\n<div class=\"wp-block-column is-layout-flow wp-block-column-is-layout-flow\">\n<figure class=\"wp-block-image size-full\"><img loading=\"lazy\" decoding=\"async\" width=\"401\" height=\"401\" src=\"https:\/\/the-gate-of-dreams.com\/wp-content\/uploads\/2024\/11\/pexels-photo-8245116-1-edited.jpg\" alt=\"\" class=\"wp-image-445\" srcset=\"https:\/\/the-gate-of-dreams.com\/wp-content\/uploads\/2024\/11\/pexels-photo-8245116-1-edited.jpg 401w, https:\/\/the-gate-of-dreams.com\/wp-content\/uploads\/2024\/11\/pexels-photo-8245116-1-edited-300x300.jpg 300w, https:\/\/the-gate-of-dreams.com\/wp-content\/uploads\/2024\/11\/pexels-photo-8245116-1-edited-150x150.jpg 150w\" sizes=\"auto, (max-width: 401px) 100vw, 401px\" \/><\/figure>\n\n\n\n<h4 class=\"wp-block-heading has-text-align-center\">Soir\u00e9e d\u2019entreprise<\/h4>\n<\/div>\n<\/div>\n<\/div>\n\n\n\n<div class=\"wp-block-column is-layout-flow wp-block-column-is-layout-flow\" style=\"border-right-color:var(--wp--preset--color--background);border-right-width:20px\">\n<div class=\"wp-block-columns is-layout-flex wp-container-core-columns-is-layout-28f84493 wp-block-columns-is-layout-flex\">\n<div class=\"wp-block-column is-layout-flow wp-block-column-is-layout-flow\">\n<figure class=\"wp-block-image size-full\"><img loading=\"lazy\" decoding=\"async\" width=\"600\" height=\"600\" src=\"https:\/\/the-gate-of-dreams.com\/wp-content\/uploads\/2024\/11\/pexels-photo-7564171-edited.webp\" alt=\"\" class=\"wp-image-447\" srcset=\"https:\/\/the-gate-of-dreams.com\/wp-content\/uploads\/2024\/11\/pexels-photo-7564171-edited.webp 600w, https:\/\/the-gate-of-dreams.com\/wp-content\/uploads\/2024\/11\/pexels-photo-7564171-edited-300x300.webp 300w, https:\/\/the-gate-of-dreams.com\/wp-content\/uploads\/2024\/11\/pexels-photo-7564171-edited-150x150.webp 150w\" sizes=\"auto, (max-width: 600px) 100vw, 600px\" \/><\/figure>\n\n\n\n<h4 class=\"wp-block-heading has-text-align-center\">Lancement de produit<\/h4>\n<\/div>\n\n\n\n<div class=\"wp-block-column is-layout-flow wp-block-column-is-layout-flow\">\n<figure class=\"wp-block-image size-full\"><img loading=\"lazy\" decoding=\"async\" width=\"408\" height=\"408\" src=\"https:\/\/the-gate-of-dreams.com\/wp-content\/uploads\/2024\/11\/istockphoto-1148471940-612x612-1-edited.jpg\" alt=\"\" class=\"wp-image-449\" srcset=\"https:\/\/the-gate-of-dreams.com\/wp-content\/uploads\/2024\/11\/istockphoto-1148471940-612x612-1-edited.jpg 408w, https:\/\/the-gate-of-dreams.com\/wp-content\/uploads\/2024\/11\/istockphoto-1148471940-612x612-1-edited-300x300.jpg 300w, https:\/\/the-gate-of-dreams.com\/wp-content\/uploads\/2024\/11\/istockphoto-1148471940-612x612-1-edited-150x150.jpg 150w\" sizes=\"auto, (max-width: 408px) 100vw, 408px\" \/><\/figure>\n\n\n\n<h4 class=\"wp-block-heading has-text-align-center\">Festivals culturel,musical<\/h4>\n<\/div>\n<\/div>\n<\/div>\n<\/div>\n\n\n\n<hr class=\"wp-block-separator has-alpha-channel-opacity is-style-wide\"\/>\n\n\n\n<div class=\"wp-block-cover aligncenter has-custom-content-position is-position-top-left is-style-ona-stroke-frame\" style=\"min-height:100vh;aspect-ratio:unset;\"><span aria-hidden=\"true\" class=\"wp-block-cover__background has-background-dim\"><\/span><img loading=\"lazy\" decoding=\"async\" width=\"1024\" height=\"519\" class=\"wp-block-cover__image-background wp-image-450\" alt=\"\" src=\"https:\/\/the-gate-of-dreams.com\/wp-content\/uploads\/2022\/07\/Interiors-Retail-Website-in-Yellow-and-Cream-Photographic-Style-6-1024x519.png\" data-object-fit=\"cover\" srcset=\"https:\/\/the-gate-of-dreams.com\/wp-content\/uploads\/2022\/07\/Interiors-Retail-Website-in-Yellow-and-Cream-Photographic-Style-6-1024x519.png 1024w, https:\/\/the-gate-of-dreams.com\/wp-content\/uploads\/2022\/07\/Interiors-Retail-Website-in-Yellow-and-Cream-Photographic-Style-6-300x152.png 300w, https:\/\/the-gate-of-dreams.com\/wp-content\/uploads\/2022\/07\/Interiors-Retail-Website-in-Yellow-and-Cream-Photographic-Style-6-768x389.png 768w, https:\/\/the-gate-of-dreams.com\/wp-content\/uploads\/2022\/07\/Interiors-Retail-Website-in-Yellow-and-Cream-Photographic-Style-6-1536x779.png 1536w, https:\/\/the-gate-of-dreams.com\/wp-content\/uploads\/2022\/07\/Interiors-Retail-Website-in-Yellow-and-Cream-Photographic-Style-6-2048x1038.png 2048w, https:\/\/the-gate-of-dreams.com\/wp-content\/uploads\/2022\/07\/Interiors-Retail-Website-in-Yellow-and-Cream-Photographic-Style-6-1170x593.png 1170w\" sizes=\"auto, (max-width: 1024px) 100vw, 1024px\" \/><div class=\"wp-block-cover__inner-container is-layout-flow wp-block-cover-is-layout-flow\">\n<div class=\"wp-block-columns is-layout-flex wp-container-core-columns-is-layout-28f84493 wp-block-columns-is-layout-flex\">\n<div class=\"wp-block-column is-layout-flow wp-block-column-is-layout-flow\">\n<div style=\"height:0px\" aria-hidden=\"true\" class=\"wp-block-spacer\"><\/div>\n\n\n\n<div style=\"height:30px\" aria-hidden=\"true\" class=\"wp-block-spacer\"><\/div>\n\n\n\n<h1 class=\"wp-block-heading\"><mark style=\"background-color:rgba(0, 0, 0, 0)\" class=\"has-inline-color has-foreground-color\">Lieu et date<\/mark><\/h1>\n\n\n\n<p><mark style=\"background-color:rgba(0, 0, 0, 0)\" class=\"has-inline-color has-foreground-color\">Pour garantir la disponibilit\u00e9 de nos \u00e9quipes et vous offrir une organisation impeccable, merci de nous communiquer les lieux et dates de votre \u00e9v\u00e9nement.<\/mark><\/p>\n\n\n\n<div style=\"height:271px\" aria-hidden=\"true\" class=\"wp-block-spacer\"><\/div>\n\n\n\n<h1 class=\"wp-block-heading\"><mark style=\"background-color:rgba(0, 0, 0, 0)\" class=\"has-inline-color has-foreground-color\">Besoin de personnel ?<\/mark><\/h1>\n\n\n\n<p><mark style=\"background-color:rgba(0, 0, 0, 0)\" class=\"has-inline-color has-foreground-color\">Nous recherchons des talents dans divers domaines : barman\/mixologue, technicien(ne) son et lumi\u00e8re, animateur(trice), artiste, coach bien-\u00eatre, h\u00f4tes et h\u00f4tesses d\u2019accueil, et bien plus encore.<\/mark><\/p>\n<\/div>\n\n\n\n<div class=\"wp-block-column is-layout-flow wp-block-column-is-layout-flow\">\n<div style=\"height:222px\" aria-hidden=\"true\" class=\"wp-block-spacer\"><\/div>\n\n\n\n<h1 class=\"wp-block-heading has-text-align-right\"><mark style=\"background-color:rgba(0, 0, 0, 0)\" class=\"has-inline-color has-foreground-color\">Besoin d\u2019intervenant ?<\/mark><\/h1>\n\n\n\n<p class=\"has-text-align-right\"><mark style=\"background-color:rgba(0, 0, 0, 0)\" class=\"has-inline-color has-foreground-color\">Nous r\u00e9pondons \u00e0 vos besoins sp\u00e9cifiques : montage de stands sur-mesure, service rapide et efficace, animation dynamique d\u2019ateliers, ou toute autre demande personnalis\u00e9e pour rendre votre \u00e9v\u00e9nement inoubliable.<\/mark><\/p>\n<\/div>\n<\/div>\n<\/div><\/div>\n<\/div>\n<\/div>\n<\/div>\n","protected":false},"excerpt":{"rendered":"<p>Avec notre r\u00e9seau de partenaire et professionnels qualifi\u00e9s vos \u00e9v\u00e9nements deviennent inoubliables ! Pour une r\u00e9ponse adapt\u00e9e, pensez \u00e0 inclure ces informations cl\u00e9s dans votre demande Quel type d\u2019\u00e9v\u00e9nement ? Conf\u00e9rence Soir\u00e9e d\u2019entreprise Lancement de produit Festivals culturel,musical<\/p>\n","protected":false},"author":1,"featured_media":0,"parent":0,"menu_order":0,"comment_status":"closed","ping_status":"closed","template":"page-about","meta":{"footnotes":""},"class_list":["post-483","page","type-page","status-publish","hentry"],"_links":{"self":[{"href":"https:\/\/the-gate-of-dreams.com\/index.php?rest_route=\/wp\/v2\/pages\/483","targetHints":{"allow":["GET"]}}],"collection":[{"href":"https:\/\/the-gate-of-dreams.com\/index.php?rest_route=\/wp\/v2\/pages"}],"about":[{"href":"https:\/\/the-gate-of-dreams.com\/index.php?rest_route=\/wp\/v2\/types\/page"}],"author":[{"embeddable":true,"href":"https:\/\/the-gate-of-dreams.com\/index.php?rest_route=\/wp\/v2\/users\/1"}],"replies":[{"embeddable":true,"href":"https:\/\/the-gate-of-dreams.com\/index.php?rest_route=%2Fwp%2Fv2%2Fcomments&post=483"}],"version-history":[{"count":4,"href":"https:\/\/the-gate-of-dreams.com\/index.php?rest_route=\/wp\/v2\/pages\/483\/revisions"}],"predecessor-version":[{"id":491,"href":"https:\/\/the-gate-of-dreams.com\/index.php?rest_route=\/wp\/v2\/pages\/483\/revisions\/491"}],"wp:attachment":[{"href":"https:\/\/the-gate-of-dreams.com\/index.php?rest_route=%2Fwp%2Fv2%2Fmedia&parent=483"}],"curies":[{"name":"wp","href":"https:\/\/api.w.org\/{rel}","templated":true}]}}